{"id":68,"date":"2024-12-02T00:42:34","date_gmt":"2024-12-02T03:42:34","guid":{"rendered":"https:\/\/homologsite.mylucy.ai\/?page_id=68"},"modified":"2024-12-06T01:42:05","modified_gmt":"2024-12-06T04:42:05","slug":"quem-e-a-lucy","status":"publish","type":"page","link":"https:\/\/mylucy.ai\/site\/mylucy-antigo\/quem-e-a-lucy\/","title":{"rendered":"Quem \u00e9 a Lucy"},"content":{"rendered":"\t\t<div data-elementor-type=\"wp-page\" data-elementor-id=\"68\" class=\"elementor elementor-68\" data-elementor-post-type=\"page\">\n\t\t\t\t<div class=\"elementor-element elementor-element-f1a6802 e-flex e-con-boxed e-con e-parent\" data-id=\"f1a6802\" data-element_type=\"container\" data-e-type=\"container\" data-settings=\"{&quot;background_background&quot;:&quot;classic&quot;}\">\n\t\t\t\t\t<div class=\"e-con-inner\">\n\t\t<div class=\"elementor-element elementor-element-9a3b1d1 e-con-full e-flex e-con e-child\" data-id=\"9a3b1d1\" data-element_type=\"container\" data-e-type=\"container\">\n\t\t<div class=\"elementor-element elementor-element-8354cbd e-con-full e-flex e-con e-child\" data-id=\"8354cbd\" data-element_type=\"container\" data-e-type=\"container\">\n\t\t\t\t<div class=\"elementor-element elementor-element-41a9add elementor-widget-tablet__width-initial elementor-widget elementor-widget-heading\" data-id=\"41a9add\" data-element_type=\"widget\" data-e-type=\"widget\" data-widget_type=\"heading.default\">\n\t\t\t\t<div class=\"elementor-widget-container\">\n\t\t\t\t\t<h1 class=\"elementor-heading-title elementor-size-default\">Ol\u00e1. N\u00f3s somos a Lucy!<\/h1>\t\t\t\t<\/div>\n\t\t\t\t<\/div>\n\t\t\t\t<\/div>\n\t\t\t\t<\/div>\n\t\t\t\t\t<\/div>\n\t\t\t\t<\/div>\n\t\t<div class=\"elementor-element elementor-element-71853db e-flex e-con-boxed e-con e-parent\" data-id=\"71853db\" data-element_type=\"container\" data-e-type=\"container\" data-settings=\"{&quot;background_background&quot;:&quot;classic&quot;}\">\n\t\t\t\t\t<div class=\"e-con-inner\">\n\t\t<div class=\"elementor-element elementor-element-2dda94b e-con-full e-flex e-con e-child\" data-id=\"2dda94b\" data-element_type=\"container\" data-e-type=\"container\">\n\t\t<div class=\"elementor-element elementor-element-818a15b e-con-full e-flex e-con e-child\" data-id=\"818a15b\" data-element_type=\"container\" data-e-type=\"container\">\n\t\t<div class=\"elementor-element elementor-element-7dc9eaf e-con-full e-flex e-con e-child\" data-id=\"7dc9eaf\" data-element_type=\"container\" data-e-type=\"container\">\n\t\t\t\t<div class=\"elementor-element elementor-element-0beebc0 elementor-widget elementor-widget-counter\" data-id=\"0beebc0\" data-element_type=\"widget\" data-e-type=\"widget\" data-widget_type=\"counter.default\">\n\t\t\t\t<div class=\"elementor-widget-container\">\n\t\t\t\t\t\t\t<div class=\"elementor-counter\">\n\t\t\t\t\t\t<div class=\"elementor-counter-number-wrapper\">\n\t\t\t\t<span class=\"elementor-counter-number-prefix\"><\/span>\n\t\t\t\t<span class=\"elementor-counter-number\" data-duration=\"900\" data-to-value=\"80\" data-from-value=\"0\">0<\/span>\n\t\t\t\t<span class=\"elementor-counter-number-suffix\">% do time<\/span>\n\t\t\t<\/div>\n\t\t<\/div>\n\t\t\t\t\t\t<\/div>\n\t\t\t\t<\/div>\n\t\t\t\t<div class=\"elementor-element elementor-element-40ceda1 elementor-widget__width-initial elementor-widget elementor-widget-text-editor\" data-id=\"40ceda1\" data-element_type=\"widget\" data-e-type=\"widget\" data-widget_type=\"text-editor.default\">\n\t\t\t\t<div class=\"elementor-widget-container\">\n\t\t\t\t\t\t\t\t\t<p>composto por mulheres, impulsionando nosso sucesso com talento, determina\u00e7\u00e3o e diversidade.<\/p>\t\t\t\t\t\t\t\t<\/div>\n\t\t\t\t<\/div>\n\t\t\t\t<\/div>\n\t\t<div class=\"elementor-element elementor-element-98a8dc7 e-con-full e-flex e-con e-child\" data-id=\"98a8dc7\" data-element_type=\"container\" data-e-type=\"container\">\n\t\t\t\t<div class=\"elementor-element elementor-element-b896ab8 elementor-widget elementor-widget-counter\" data-id=\"b896ab8\" data-element_type=\"widget\" data-e-type=\"widget\" data-widget_type=\"counter.default\">\n\t\t\t\t<div class=\"elementor-widget-container\">\n\t\t\t\t\t\t\t<div class=\"elementor-counter\">\n\t\t\t\t\t\t<div class=\"elementor-counter-number-wrapper\">\n\t\t\t\t<span class=\"elementor-counter-number-prefix\"><\/span>\n\t\t\t\t<span class=\"elementor-counter-number\" data-duration=\"1200\" data-to-value=\"100\" data-from-value=\"0\">0<\/span>\n\t\t\t\t<span class=\"elementor-counter-number-suffix\">% ESG<\/span>\n\t\t\t<\/div>\n\t\t<\/div>\n\t\t\t\t\t\t<\/div>\n\t\t\t\t<\/div>\n\t\t\t\t<div class=\"elementor-element elementor-element-91bb1f6 elementor-widget__width-initial elementor-widget elementor-widget-text-editor\" data-id=\"91bb1f6\" data-element_type=\"widget\" data-e-type=\"widget\" data-widget_type=\"text-editor.default\">\n\t\t\t\t<div class=\"elementor-widget-container\">\n\t\t\t\t\t\t\t\t\t<p>vivemos o ESG na sua ess\u00eancia, integrando sustentabilidade, responsabilidade e governan\u00e7a.<\/p>\t\t\t\t\t\t\t\t<\/div>\n\t\t\t\t<\/div>\n\t\t\t\t<\/div>\n\t\t<div class=\"elementor-element elementor-element-c49b302 e-con-full e-flex e-con e-child\" data-id=\"c49b302\" data-element_type=\"container\" data-e-type=\"container\">\n\t\t\t\t<div class=\"elementor-element elementor-element-ce68a49 elementor-widget elementor-widget-counter\" data-id=\"ce68a49\" data-element_type=\"widget\" data-e-type=\"widget\" data-widget_type=\"counter.default\">\n\t\t\t\t<div class=\"elementor-widget-container\">\n\t\t\t\t\t\t\t<div class=\"elementor-counter\">\n\t\t\t\t\t\t<div class=\"elementor-counter-number-wrapper\">\n\t\t\t\t<span class=\"elementor-counter-number-prefix\">R$ <\/span>\n\t\t\t\t<span class=\"elementor-counter-number\" data-duration=\"1500\" data-to-value=\"420\" data-from-value=\"0\">0<\/span>\n\t\t\t\t<span class=\"elementor-counter-number-suffix\"> Bi<\/span>\n\t\t\t<\/div>\n\t\t<\/div>\n\t\t\t\t\t\t<\/div>\n\t\t\t\t<\/div>\n\t\t\t\t<div class=\"elementor-element elementor-element-a71aa95 elementor-widget__width-initial elementor-widget elementor-widget-text-editor\" data-id=\"a71aa95\" data-element_type=\"widget\" data-e-type=\"widget\" data-widget_type=\"text-editor.default\">\n\t\t\t\t<div class=\"elementor-widget-container\">\n\t\t\t\t\t\t\t\t\t<p>\u00e9 o tamanho do impacto que queremos gerar na economia brasileira atrav\u00e9s das PMEs.<\/p>\t\t\t\t\t\t\t\t<\/div>\n\t\t\t\t<\/div>\n\t\t\t\t<\/div>\n\t\t\t\t<\/div>\n\t\t\t\t<\/div>\n\t\t\t\t\t<\/div>\n\t\t\t\t<\/div>\n\t\t<div class=\"elementor-element elementor-element-c3883f1 e-flex e-con-boxed e-con e-parent\" data-id=\"c3883f1\" data-element_type=\"container\" data-e-type=\"container\" data-settings=\"{&quot;background_background&quot;:&quot;classic&quot;}\">\n\t\t\t\t\t<div class=\"e-con-inner\">\n\t\t<div class=\"elementor-element elementor-element-eeb477c e-con-full e-flex e-con e-child\" data-id=\"eeb477c\" data-element_type=\"container\" data-e-type=\"container\">\n\t\t<div class=\"elementor-element elementor-element-ab800d0 e-con-full e-flex e-con e-child\" data-id=\"ab800d0\" data-element_type=\"container\" data-e-type=\"container\">\n\t\t\t\t<div class=\"elementor-element elementor-element-4bebd26 elementor-widget elementor-widget-heading\" data-id=\"4bebd26\" data-element_type=\"widget\" data-e-type=\"widget\" data-widget_type=\"heading.default\">\n\t\t\t\t<div class=\"elementor-widget-container\">\n\t\t\t\t\t<h2 class=\"elementor-heading-title elementor-size-default\">Nossa Hist\u00f3ria<\/h2>\t\t\t\t<\/div>\n\t\t\t\t<\/div>\n\t\t\t\t<div class=\"elementor-element elementor-element-fa59a9e elementor-widget elementor-widget-text-editor\" data-id=\"fa59a9e\" data-element_type=\"widget\" data-e-type=\"widget\" data-widget_type=\"text-editor.default\">\n\t\t\t\t<div class=\"elementor-widget-container\">\n\t\t\t\t\t\t\t\t\t<p>A Lucy nasceu de uma parceria de mais de uma d\u00e9cada entre um executivo e um empreendedor que sempre estiveram e \u00e0 frente de grandes empresas de neg\u00f3cios, marketing e inova\u00e7\u00e3o. Beto, como cliente, conhecia bem as dores do mercado (custos altos e riscos inerentes ao marketing). Andr\u00e9, como fornecedor, enfrentava o desafio de criar campanhas de alto impacto, sempre limitado por tempo, verba e expectativas. Em 2023, ap\u00f3s conclu\u00edrem um projeto, surge a semente da Lucy: uma plataforma de marketing capaz de ajudar PMEs de forma simples, f\u00e1cil e acess\u00edvel. Com um modelo de neg\u00f3cios inclusivo, democr\u00e1tico e com prop\u00f3sito, a Lucy vem para oferecer estrat\u00e9gias de qualidade e solu\u00e7\u00f5es criativas por meio de uma plataforma que coloca a tecnologia e a Intelig\u00eancia Artificial a servi\u00e7o das pessoas.<\/p>\t\t\t\t\t\t\t\t<\/div>\n\t\t\t\t<\/div>\n\t\t\t\t<div class=\"elementor-element elementor-element-5486ead elementor-widget elementor-widget-heading\" data-id=\"5486ead\" data-element_type=\"widget\" data-e-type=\"widget\" data-widget_type=\"heading.default\">\n\t\t\t\t<div class=\"elementor-widget-container\">\n\t\t\t\t\t<h2 class=\"elementor-heading-title elementor-size-default\">Miss\u00e3o<\/h2>\t\t\t\t<\/div>\n\t\t\t\t<\/div>\n\t\t\t\t<div class=\"elementor-element elementor-element-8051dca elementor-widget elementor-widget-text-editor\" data-id=\"8051dca\" data-element_type=\"widget\" data-e-type=\"widget\" data-widget_type=\"text-editor.default\">\n\t\t\t\t<div class=\"elementor-widget-container\">\n\t\t\t\t\t\t\t\t\t<p>A Lucy foi criada para democratizar o Marketing permitindo que <strong>Pequenas e M\u00e9dias Empresas<\/strong> tenham acesso a estrat\u00e9gias e ferramentas que antes eram privil\u00e9gio de grandes marcas, possibilitando, assim, que pessoas e neg\u00f3cios cres\u00e7am de forma sustent\u00e1vel, conquistem a sua liberdade financeira e prosperem cada vez mais.<\/p>\t\t\t\t\t\t\t\t<\/div>\n\t\t\t\t<\/div>\n\t\t<div class=\"elementor-element elementor-element-9d647b0 e-grid e-con-full e-con e-child\" data-id=\"9d647b0\" data-element_type=\"container\" data-e-type=\"container\">\n\t\t<div class=\"elementor-element elementor-element-cd7d290 e-con-full e-flex e-con e-child\" data-id=\"cd7d290\" data-element_type=\"container\" data-e-type=\"container\">\n\t\t\t\t<div class=\"elementor-element elementor-element-d0ba406 elementor-widget elementor-widget-image\" data-id=\"d0ba406\" data-element_type=\"widget\" data-e-type=\"widget\" data-widget_type=\"image.default\">\n\t\t\t\t<div class=\"elementor-widget-container\">\n\t\t\t\t\t\t\t\t\t\t\t\t\t\t\t<img fetchpriority=\"high\" decoding=\"async\" width=\"528\" height=\"438\" src=\"https:\/\/mylucy.ai\/site\/wp-content\/uploads\/2024\/12\/quem-e-lucy-beto.jpg\" class=\"attachment-full size-full wp-image-42\" alt=\"\" srcset=\"https:\/\/mylucy.ai\/site\/wp-content\/uploads\/2024\/12\/quem-e-lucy-beto.jpg 528w, https:\/\/mylucy.ai\/site\/wp-content\/uploads\/2024\/12\/quem-e-lucy-beto-300x249.jpg 300w\" sizes=\"(max-width: 528px) 100vw, 528px\" \/>\t\t\t\t\t\t\t\t\t\t\t\t\t\t\t<\/div>\n\t\t\t\t<\/div>\n\t\t\t\t<\/div>\n\t\t<div class=\"elementor-element elementor-element-18008f0 e-con-full e-flex e-con e-child\" data-id=\"18008f0\" data-element_type=\"container\" data-e-type=\"container\">\n\t\t\t\t<div class=\"elementor-element elementor-element-96abf14 elementor-widget-divider--view-line elementor-widget elementor-widget-divider\" data-id=\"96abf14\" data-element_type=\"widget\" data-e-type=\"widget\" data-widget_type=\"divider.default\">\n\t\t\t\t<div class=\"elementor-widget-container\">\n\t\t\t\t\t\t\t<div class=\"elementor-divider\">\n\t\t\t<span class=\"elementor-divider-separator\">\n\t\t\t\t\t\t<\/span>\n\t\t<\/div>\n\t\t\t\t\t\t<\/div>\n\t\t\t\t<\/div>\n\t\t\t\t<div class=\"elementor-element elementor-element-f013c5c elementor-widget elementor-widget-heading\" data-id=\"f013c5c\" data-element_type=\"widget\" data-e-type=\"widget\" data-widget_type=\"heading.default\">\n\t\t\t\t<div class=\"elementor-widget-container\">\n\t\t\t\t\t<h3 class=\"elementor-heading-title elementor-size-default\">Beto Weisser<\/h3>\t\t\t\t<\/div>\n\t\t\t\t<\/div>\n\t\t\t\t<div class=\"elementor-element elementor-element-8c2dc54 elementor-widget elementor-widget-text-editor\" data-id=\"8c2dc54\" data-element_type=\"widget\" data-e-type=\"widget\" data-widget_type=\"text-editor.default\">\n\t\t\t\t<div class=\"elementor-widget-container\">\n\t\t\t\t\t\t\t\t\t<p>Beto Weisser \u00e9 Co-Fundador e CEO da Lucy. Com uma trajet\u00f3ria marcada por inova\u00e7\u00e3o e vis\u00e3o estrat\u00e9gica, possui mais de 30 anos de experi\u00eancia liderando projetos que combinam tecnologia e marketing para transformar neg\u00f3cios. Especialista em escalar solu\u00e7\u00f5es para pequenas e m\u00e9dias empresas, j\u00e1 ajudou a criar ecossistemas de prosperidade para Avianca, BMG, Sodexo-Pluxee e Ita\u00fa-Unibanco. Formado em Economia pela PUC-SP, com MBA pela FDC e ITA\/ESPM, Beto \u00e9 movido pela miss\u00e3o de democratizar o acesso ao marketing profissional para empreendedores, conectando tecnologia avan\u00e7ada, criatividade e resultados.<\/p>\t\t\t\t\t\t\t\t<\/div>\n\t\t\t\t<\/div>\n\t\t\t\t<\/div>\n\t\t<div class=\"elementor-element elementor-element-4d89f63 e-con-full e-flex e-con e-child\" data-id=\"4d89f63\" data-element_type=\"container\" data-e-type=\"container\">\n\t\t\t\t<div class=\"elementor-element elementor-element-3ef8cfc elementor-widget-divider--view-line elementor-widget elementor-widget-divider\" data-id=\"3ef8cfc\" data-element_type=\"widget\" data-e-type=\"widget\" data-widget_type=\"divider.default\">\n\t\t\t\t<div class=\"elementor-widget-container\">\n\t\t\t\t\t\t\t<div class=\"elementor-divider\">\n\t\t\t<span class=\"elementor-divider-separator\">\n\t\t\t\t\t\t<\/span>\n\t\t<\/div>\n\t\t\t\t\t\t<\/div>\n\t\t\t\t<\/div>\n\t\t\t\t<div class=\"elementor-element elementor-element-9f70ea8 elementor-widget elementor-widget-heading\" data-id=\"9f70ea8\" data-element_type=\"widget\" data-e-type=\"widget\" data-widget_type=\"heading.default\">\n\t\t\t\t<div class=\"elementor-widget-container\">\n\t\t\t\t\t<h3 class=\"elementor-heading-title elementor-size-default\">Andr\u00e9 Machiaverni<\/h3>\t\t\t\t<\/div>\n\t\t\t\t<\/div>\n\t\t\t\t<div class=\"elementor-element elementor-element-691be20 elementor-widget elementor-widget-text-editor\" data-id=\"691be20\" data-element_type=\"widget\" data-e-type=\"widget\" data-widget_type=\"text-editor.default\">\n\t\t\t\t<div class=\"elementor-widget-container\">\n\t\t\t\t\t\t\t\t\t<p>Andr\u00e9 Machiaverni \u00e9 Co-Fundador e CMO da Lucy. Com mais de 20 anos de experi\u00eancia \u00e9 especialista em lideran\u00e7a estrat\u00e9gica, design, marketing e inova\u00e7\u00e3o, tendo atuado em projetos para marcas globais, como: Netflix, Disney e Banco Santander. Formado em Desenho Industrial pela FAAP e p\u00f3s-graduado em Marketing pela UCLA, combina expertise criativa e vis\u00e3o estrat\u00e9gica para impulsionar neg\u00f3cios e conectar grandes marcas a seus consumidores, atrav\u00e9s de solu\u00e7\u00f5es de marketing eficientes e transformadoras.<\/p>\t\t\t\t\t\t\t\t<\/div>\n\t\t\t\t<\/div>\n\t\t\t\t<\/div>\n\t\t<div class=\"elementor-element elementor-element-89ff5a6 e-con-full e-flex e-con e-child\" data-id=\"89ff5a6\" data-element_type=\"container\" data-e-type=\"container\">\n\t\t\t\t<div class=\"elementor-element elementor-element-ed78530 elementor-widget elementor-widget-image\" data-id=\"ed78530\" data-element_type=\"widget\" data-e-type=\"widget\" data-widget_type=\"image.default\">\n\t\t\t\t<div class=\"elementor-widget-container\">\n\t\t\t\t\t\t\t\t\t\t\t\t\t\t\t<img decoding=\"async\" width=\"528\" height=\"394\" src=\"https:\/\/mylucy.ai\/site\/wp-content\/uploads\/2024\/12\/quem-e-lucy-andre.jpg\" class=\"attachment-full size-full wp-image-40\" alt=\"\" srcset=\"https:\/\/mylucy.ai\/site\/wp-content\/uploads\/2024\/12\/quem-e-lucy-andre.jpg 528w, https:\/\/mylucy.ai\/site\/wp-content\/uploads\/2024\/12\/quem-e-lucy-andre-300x224.jpg 300w\" sizes=\"(max-width: 528px) 100vw, 528px\" \/>\t\t\t\t\t\t\t\t\t\t\t\t\t\t\t<\/div>\n\t\t\t\t<\/div>\n\t\t\t\t<\/div>\n\t\t\t\t<\/div>\n\t\t\t\t<\/div>\n\t\t\t\t<\/div>\n\t\t\t\t\t<\/div>\n\t\t\t\t<\/div>\n\t\t\t\t<\/div>\n\t\t","protected":false},"excerpt":{"rendered":"<p>Ol\u00e1. N\u00f3s somos a Lucy! 0 % do time composto por mulheres, impulsionando nosso sucesso com talento, determina\u00e7\u00e3o e diversidade. 0 % ESG vivemos o ESG na sua ess\u00eancia, integrando sustentabilidade, responsabilidade e governan\u00e7a. R$ 0 Bi \u00e9 o tamanho do impacto que queremos gerar na economia brasileira atrav\u00e9s das PMEs. Nossa Hist\u00f3ria A Lucy [&hellip;]<\/p>\n","protected":false},"author":2,"featured_media":0,"parent":66,"menu_order":0,"comment_status":"closed","ping_status":"closed","template":"elementor_header_footer","meta":{"footnotes":""},"class_list":["post-68","page","type-page","status-publish","hentry"],"_links":{"self":[{"href":"https:\/\/mylucy.ai\/site\/wp-json\/wp\/v2\/pages\/68","targetHints":{"allow":["GET"]}}],"collection":[{"href":"https:\/\/mylucy.ai\/site\/wp-json\/wp\/v2\/pages"}],"about":[{"href":"https:\/\/mylucy.ai\/site\/wp-json\/wp\/v2\/types\/page"}],"author":[{"embeddable":true,"href":"https:\/\/mylucy.ai\/site\/wp-json\/wp\/v2\/users\/2"}],"replies":[{"embeddable":true,"href":"https:\/\/mylucy.ai\/site\/wp-json\/wp\/v2\/comments?post=68"}],"version-history":[{"count":77,"href":"https:\/\/mylucy.ai\/site\/wp-json\/wp\/v2\/pages\/68\/revisions"}],"predecessor-version":[{"id":715,"href":"https:\/\/mylucy.ai\/site\/wp-json\/wp\/v2\/pages\/68\/revisions\/715"}],"up":[{"embeddable":true,"href":"https:\/\/mylucy.ai\/site\/wp-json\/wp\/v2\/pages\/66"}],"wp:attachment":[{"href":"https:\/\/mylucy.ai\/site\/wp-json\/wp\/v2\/media?parent=68"}],"curies":[{"name":"wp","href":"https:\/\/api.w.org\/{rel}","templated":true}]}}